{"id":2,"date":"2024-02-18T09:17:09","date_gmt":"2024-02-18T09:17:09","guid":{"rendered":"https:\/\/rapidrecruit.de\/?page_id=2"},"modified":"2024-02-18T15:42:35","modified_gmt":"2024-02-18T15:42:35","slug":"info","status":"publish","type":"page","link":"https:\/\/rapidrecruit.de\/sq\/info\/","title":{"rendered":"Rapid Recruit"},"content":{"rendered":"<p>Herzlich willkommen bei Rapidrecruit.de, Ihrem innovativen Partner f\u00fcr die Vermittlung hochqualifizierter ausl\u00e4ndischer Pflegefachkr\u00e4fte! Als frisch gegr\u00fcndetes Unternehmen sind wir stolz darauf, eine wegweisende Rolle in der Pflegefachkraftvermittlung einzunehmen und unseren Kunden erstklassige L\u00f6sungen zu bieten.<\/p>\n\n\n\n<p>In einer Zeit, in der die Nachfrage nach qualifizierten Pflegeexperten kontinuierlich w\u00e4chst, setzen wir auf eine internationale Perspektive, um den Bedarf an professionellen Pflegefachkr\u00e4ften bestm\u00f6glich zu decken. Unser Fokus liegt auf der Vermittlung von hochqualifizierten Pflegekr\u00e4ften aus verschiedenen L\u00e4ndern, die nicht nur \u00fcber erstklassige fachliche Kompetenzen, sondern auch \u00fcber interkulturelle Sensibilit\u00e4t und Empathie verf\u00fcgen.<\/p>","protected":false},"excerpt":{"rendered":"<p>Herzlich willkommen bei Rapidrecruit.de, Ihrem innovativen Partner f\u00fcr die Vermittlung hochqualifizierter ausl\u00e4ndischer Pflegefachkr\u00e4fte! Als frisch gegr\u00fcndetes Unternehmen sind wir stolz darauf, eine wegweisende Rolle in der Pflegefachkraftvermittlung einzunehmen und unseren Kunden erstklassige L\u00f6sungen zu bieten. In einer Zeit, in der die Nachfrage nach qualifizierten Pflegeexperten kontinuierlich w\u00e4chst, setzen wir auf eine internationale Perspektive, um den [&hellip;]<\/p>\n","protected":false},"author":1,"featured_media":0,"parent":0,"menu_order":0,"comment_status":"closed","ping_status":"closed","template":"","meta":{"footnotes":""},"class_list":["post-2","page","type-page","status-publish","hentry"],"_links":{"self":[{"href":"https:\/\/rapidrecruit.de\/sq\/wp-json\/wp\/v2\/pages\/2","targetHints":{"allow":["GET"]}}],"collection":[{"href":"https:\/\/rapidrecruit.de\/sq\/wp-json\/wp\/v2\/pages"}],"about":[{"href":"https:\/\/rapidrecruit.de\/sq\/wp-json\/wp\/v2\/types\/page"}],"author":[{"embeddable":true,"href":"https:\/\/rapidrecruit.de\/sq\/wp-json\/wp\/v2\/users\/1"}],"replies":[{"embeddable":true,"href":"https:\/\/rapidrecruit.de\/sq\/wp-json\/wp\/v2\/comments?post=2"}],"version-history":[{"count":0,"href":"https:\/\/rapidrecruit.de\/sq\/wp-json\/wp\/v2\/pages\/2\/revisions"}],"wp:attachment":[{"href":"https:\/\/rapidrecruit.de\/sq\/wp-json\/wp\/v2\/media?parent=2"}],"curies":[{"name":"wp","href":"https:\/\/api.w.org\/{rel}","templated":true}]}}